{"id":1066,"date":"2015-11-16T12:11:25","date_gmt":"2015-11-16T12:11:25","guid":{"rendered":"http:\/\/mdgalmond.com\/?page_id=1066"},"modified":"2018-10-25T11:13:54","modified_gmt":"2018-10-25T11:13:54","slug":"artes-graficas","status":"publish","type":"page","link":"https:\/\/mdgalmond.com?page_id=1066","title":{"rendered":"Artes Gr\u00e1ficas"},"content":{"rendered":"<div  class=\"row wpb_row row-fluid\"><div class=\"wpb_column vc_column_container col-sm-12\"><div class=\"wpb_wrapper\">\n\t<div class=\"wpb_text_column wpb_content_element \">\n\t\t<div class=\"wpb_wrapper\">\n\t\t\t<h3>SELECCI\u00d3N DE TRABAJOS RELACIONADOS CON EL MUNDO DEL DISE\u00d1O GR\u00c1FICO<\/h3>\n<p style=\"text-align: justify;\" align=\"justify\">Perspectivas arquitect\u00f3nicas, dibujos a l\u00e1piz, ilustraciones, cuadros abstractos y fotograf\u00edas son algunos de los trabajos realizados por la firma MDG Almond que aqu\u00ed se muestran. Las t\u00e9cnicas y los estilos empleadas son diversos.<\/p>\n<h3><\/h3>\n\n\t\t<\/div>\n\t<\/div>\n<\/div><\/div><\/div>    <div  class=\"row wpb_row row-fluid\"><div class=\"title style=&quot;font-size: small; color: #5f5f5c wpb_column vc_column_container col-sm-6\"><div class=\"wpb_wrapper\">\n\t<div class=\"wpb_single_image wpb_content_element vc_align_center\">\n\t\t<div class=\"wpb_wrapper\">\n\t\t\t<h2 class=\"wpb_heading wpb_singleimage_heading\">DISE\u00d1O Y MODELADO<\/h2>\n\t\t\t<a href=\"https:\/\/mdgalmond.com\/?portfolio=disenomodelado\" target=\"_self\"><div class=\"vc_single_image-wrapper   vc_box_border_grey\"><img loading=\"lazy\" decoding=\"async\" class=\"vc_single_image-img \" src=\"https:\/\/mdgalmond.com\/wp-content\/uploads\/2015\/11\/AG-Dise\u00f1oModelado.jpg\" width=\"497\" height=\"341\" alt=\"AG-Dise\u00f1o&amp;Modelado\" title=\"AG-Dise\u00f1o&amp;Modelado\" \/><\/div><\/a>\n\t\t<\/div>\n\t<\/div>\n<\/div><\/div><div class=\"title style=&quot;font-size: small; color: #5f5f5c wpb_column vc_column_container col-sm-6\"><div class=\"wpb_wrapper\">\n\t<div class=\"wpb_single_image wpb_content_element vc_align_center\">\n\t\t<div class=\"wpb_wrapper\">\n\t\t\t<h2 class=\"wpb_heading wpb_singleimage_heading\">FOTOGRAF\u00cdA<\/h2>\n\t\t\t<a href=\"https:\/\/mdgalmond.com\/?portfolio=fotografia\" target=\"_self\"><div class=\"vc_single_image-wrapper   vc_box_border_grey\"><img loading=\"lazy\" decoding=\"async\" class=\"vc_single_image-img \" src=\"https:\/\/mdgalmond.com\/wp-content\/uploads\/2015\/11\/AG-Fotograf\u00eda.jpg\" width=\"497\" height=\"341\" alt=\"AG-Fotograf\u00eda\" title=\"AG-Fotograf\u00eda\" \/><\/div><\/a>\n\t\t<\/div>\n\t<\/div>\n<\/div><\/div><\/div>    <div  class=\"row wpb_row row-fluid\"><div class=\"title style=&quot;font-size: small; color: #5f5f5c wpb_column vc_column_container col-sm-6\"><div class=\"wpb_wrapper\">\n\t<div class=\"wpb_single_image wpb_content_element vc_align_center\">\n\t\t<div class=\"wpb_wrapper\">\n\t\t\t<h2 class=\"wpb_heading wpb_singleimage_heading\">ILUSTRACIONES<\/h2>\n\t\t\t<a href=\"https:\/\/mdgalmond.com\/?portfolio=ilustraciones\" target=\"_self\"><div class=\"vc_single_image-wrapper   vc_box_border_grey\"><img loading=\"lazy\" decoding=\"async\" class=\"vc_single_image-img \" src=\"https:\/\/mdgalmond.com\/wp-content\/uploads\/2015\/12\/PAG-Ilustraciones.jpg\" width=\"497\" height=\"341\" alt=\"PAG Ilustraciones\" title=\"PAG Ilustraciones\" \/><\/div><\/a>\n\t\t<\/div>\n\t<\/div>\n<\/div><\/div><div class=\"title style=&quot;font-size: small; color: #5f5f5c wpb_column vc_column_container col-sm-6\"><div class=\"wpb_wrapper\">\n\t<div class=\"wpb_single_image wpb_content_element vc_align_center\">\n\t\t<div class=\"wpb_wrapper\">\n\t\t\t<h2 class=\"wpb_heading wpb_singleimage_heading\">ARTE DIGITAL<\/h2>\n\t\t\t<a href=\"https:\/\/mdgalmond.com\/?portfolio=arte-digital\" target=\"_self\"><div class=\"vc_single_image-wrapper   vc_box_border_grey\"><img loading=\"lazy\" decoding=\"async\" class=\"vc_single_image-img \" src=\"https:\/\/mdgalmond.com\/wp-content\/uploads\/2015\/12\/PAG-Arte-digital.jpg\" width=\"497\" height=\"341\" alt=\"PAG Arte digital\" title=\"PAG Arte digital\" \/><\/div><\/a>\n\t\t<\/div>\n\t<\/div>\n<\/div><\/div><\/div>    <div  class=\"row wpb_row row-fluid\"><div class=\"title style=&quot;font-size: small; color: #5f5f5c wpb_column vc_column_container col-sm-6\"><div class=\"wpb_wrapper\">\n\t<div class=\"wpb_single_image wpb_content_element vc_align_center\">\n\t\t<div class=\"wpb_wrapper\">\n\t\t\t<h2 class=\"wpb_heading wpb_singleimage_heading\">PERSPECTIVAS ARQUITECT\u00d3NICAS<\/h2>\n\t\t\t<a href=\"https:\/\/mdgalmond.com\/?portfolio=perspectivas-arquitectonicas\" target=\"_self\"><div class=\"vc_single_image-wrapper   vc_box_border_grey\"><img loading=\"lazy\" decoding=\"async\" class=\"vc_single_image-img \" src=\"https:\/\/mdgalmond.com\/wp-content\/uploads\/2015\/12\/PAG-perspectivas-arquitectonicas.jpg\" width=\"497\" height=\"341\" alt=\"PAG perspectivas arquitectonicas\" title=\"PAG perspectivas arquitectonicas\" \/><\/div><\/a>\n\t\t<\/div>\n\t<\/div>\n<\/div><\/div><div class=\"title style=&quot;font-size: small; color: #5f5f5c wpb_column vc_column_container col-sm-6\"><div class=\"wpb_wrapper\">\n\t<div class=\"wpb_single_image wpb_content_element vc_align_center\">\n\t\t<div class=\"wpb_wrapper\">\n\t\t\t<h2 class=\"wpb_heading wpb_singleimage_heading\">DIBUJO A L\u00c1PIZ<\/h2>\n\t\t\t<a href=\"https:\/\/mdgalmond.com\/?portfolio=dibujos-a-lapiz\" target=\"_self\"><div class=\"vc_single_image-wrapper   vc_box_border_grey\"><img loading=\"lazy\" decoding=\"async\" class=\"vc_single_image-img \" src=\"https:\/\/mdgalmond.com\/wp-content\/uploads\/2015\/11\/AG-Dibujo_a_Lapiz.jpg\" width=\"497\" height=\"341\" alt=\"AG-Dibujo_a_Lapiz\" title=\"AG-Dibujo_a_Lapiz\" \/><\/div><\/a>\n\t\t<\/div>\n\t<\/div>\n<\/div><\/div><\/div>    <div  class=\"row wpb_row row-fluid\"><div class=\"wpb_column vc_column_container col-sm-12\"><div class=\"wpb_wrapper\">\n\t<div class=\"wpb_text_column wpb_content_element \">\n\t\t<div class=\"wpb_wrapper\">\n\t\t\t\n\t\t<\/div>\n\t<\/div>\n<\/div><\/div><\/div>\n","protected":false},"excerpt":{"rendered":"SELECCI\u00d3N DE TRABAJOS RELACIONADOS CON EL MUNDO DEL DISE\u00d1O GR\u00c1FICO Perspectivas arquitect\u00f3nicas, dibujos a l\u00e1piz, ilustraciones, cuadros abstractos y fotograf\u00edas son algunos de los trabajos realizados por la firma MDG Almond que aqu\u00ed se muestran. Las t\u00e9cnicas y los estilos empleadas son diversos. DISE\u00d1O Y MODELADO FOTOGRAF\u00cdA ILUSTRACIONES ARTE DIGITAL PERSPECTIVAS ARQUITECT\u00d3NICAS DIBUJO A L\u00c1PIZ","protected":false},"author":4,"featured_media":0,"parent":0,"menu_order":0,"comment_status":"closed","ping_status":"closed","template":"page-fullcontent.php","meta":{"footnotes":""},"class_list":["post-1066","page","type-page","status-publish","hentry"],"_links":{"self":[{"href":"https:\/\/mdgalmond.com\/index.php?rest_route=\/wp\/v2\/pages\/1066","targetHints":{"allow":["GET"]}}],"collection":[{"href":"https:\/\/mdgalmond.com\/index.php?rest_route=\/wp\/v2\/pages"}],"about":[{"href":"https:\/\/mdgalmond.com\/index.php?rest_route=\/wp\/v2\/types\/page"}],"author":[{"embeddable":true,"href":"https:\/\/mdgalmond.com\/index.php?rest_route=\/wp\/v2\/users\/4"}],"replies":[{"embeddable":true,"href":"https:\/\/mdgalmond.com\/index.php?rest_route=%2Fwp%2Fv2%2Fcomments&post=1066"}],"version-history":[{"count":49,"href":"https:\/\/mdgalmond.com\/index.php?rest_route=\/wp\/v2\/pages\/1066\/revisions"}],"predecessor-version":[{"id":2204,"href":"https:\/\/mdgalmond.com\/index.php?rest_route=\/wp\/v2\/pages\/1066\/revisions\/2204"}],"wp:attachment":[{"href":"https:\/\/mdgalmond.com\/index.php?rest_route=%2Fwp%2Fv2%2Fmedia&parent=1066"}],"curies":[{"name":"wp","href":"https:\/\/api.w.org\/{rel}","templated":true}]}}