{"id":1094,"date":"2015-11-16T14:23:46","date_gmt":"2015-11-16T14:23:46","guid":{"rendered":"http:\/\/mdgalmond.com\/?page_id=1094"},"modified":"2018-02-12T11:26:52","modified_gmt":"2018-02-12T11:26:52","slug":"interiorismo","status":"publish","type":"page","link":"https:\/\/mdgalmond.com?page_id=1094","title":{"rendered":"Interiorismo"},"content":{"rendered":"<div  class=\"row wpb_row row-fluid\"><div class=\"wpb_column vc_column_container col-sm-12\"><div class=\"wpb_wrapper\">\n\t<div class=\"wpb_text_column wpb_content_element \">\n\t\t<div class=\"wpb_wrapper\">\n\t\t\t<h3>SELECCI\u00d3N DE PROYECTOS DE INTERIORISMO \u2022 REMODELACI\u00d3N \u2022 REHABILITACI\u00d3N \u2022 DECORACI\u00d3N<\/h3>\n<p style=\"text-align: justify;\" align=\"justify\">Los mejores proyectos de interiorismo que la firma MDG Almond ha ido realizando en los \u00faltimos a\u00f1os. Obras de remodelaci\u00f3n parcial, interiorismo de espacios concretos y reformas integrales donde se han realizado todas las fases del proyecto: dise\u00f1o y concepci\u00f3n del proyecto, proyecto b\u00e1sico y de ejecuci\u00f3n, tramitaci\u00f3n de licencias, asesoramiento en elecci\u00f3n de materiales, direcci\u00f3n y coordinaci\u00f3n de los trabajos en obra, dise\u00f1o de mobiliario y decoraci\u00f3n de los diferentes espacios.<\/p>\n<p style=\"text-align: justify;\" align=\"justify\">Lo m\u00e1s importante es dar respuesta a las necesidades concretas del cliente, consiguiendo espacios arm\u00f3nicos en los que poder disfrutar de la vida.<\/p>\n\n\t\t<\/div>\n\t<\/div>\n<\/div><\/div><\/div>    <div  class=\"row wpb_row row-fluid\"><div class=\"wpb_column vc_column_container col-sm-6\"><div class=\"wpb_wrapper\">\n\t<div class=\"wpb_single_image wpb_content_element vc_align_center\">\n\t\t<div class=\"wpb_wrapper\">\n\t\t\t<h2 class=\"wpb_heading wpb_singleimage_heading\">RESIDENCIAL<\/h2>\n\t\t\t<a href=\"https:\/\/mdgalmond.com\/?page_id=2546\" target=\"_self\"><div class=\"vc_single_image-wrapper   vc_box_border_grey\"><img loading=\"lazy\" decoding=\"async\" class=\"vc_single_image-img \" src=\"https:\/\/mdgalmond.com\/wp-content\/uploads\/2017\/10\/residencial_mini.jpg\" width=\"497\" height=\"341\" alt=\"residencial_mini\" title=\"residencial_mini\" \/><\/div><\/a>\n\t\t<\/div>\n\t<\/div>\n<\/div><\/div><div class=\"wpb_column vc_column_container col-sm-6\"><div class=\"wpb_wrapper\">\n\t<div class=\"wpb_single_image wpb_content_element vc_align_left\">\n\t\t<div class=\"wpb_wrapper\">\n\t\t\t<h2 class=\"wpb_heading wpb_singleimage_heading\">COMERCIAL<\/h2>\n\t\t\t<a href=\"https:\/\/mdgalmond.com\/?page_id=2545\" target=\"_self\"><div class=\"vc_single_image-wrapper   vc_box_border_grey\"><img loading=\"lazy\" decoding=\"async\" class=\"vc_single_image-img \" src=\"https:\/\/mdgalmond.com\/wp-content\/uploads\/2017\/10\/comercial_mini.jpg\" width=\"497\" height=\"341\" alt=\"comercial_mini\" title=\"comercial_mini\" \/><\/div><\/a>\n\t\t<\/div>\n\t<\/div>\n<\/div><\/div><\/div>\n","protected":false},"excerpt":{"rendered":"SELECCI\u00d3N DE PROYECTOS DE INTERIORISMO \u2022 REMODELACI\u00d3N \u2022 REHABILITACI\u00d3N \u2022 DECORACI\u00d3N Los mejores proyectos de interiorismo que la firma MDG Almond ha ido realizando en los \u00faltimos a\u00f1os. Obras de remodelaci\u00f3n parcial, interiorismo de espacios concretos y reformas integrales donde se han realizado todas las fases del proyecto: dise\u00f1o y concepci\u00f3n del proyecto, proyecto b\u00e1sico...","protected":false},"author":4,"featured_media":0,"parent":0,"menu_order":0,"comment_status":"closed","ping_status":"closed","template":"page-fullcontent.php","meta":{"footnotes":""},"class_list":["post-1094","page","type-page","status-publish","hentry"],"_links":{"self":[{"href":"https:\/\/mdgalmond.com\/index.php?rest_route=\/wp\/v2\/pages\/1094","targetHints":{"allow":["GET"]}}],"collection":[{"href":"https:\/\/mdgalmond.com\/index.php?rest_route=\/wp\/v2\/pages"}],"about":[{"href":"https:\/\/mdgalmond.com\/index.php?rest_route=\/wp\/v2\/types\/page"}],"author":[{"embeddable":true,"href":"https:\/\/mdgalmond.com\/index.php?rest_route=\/wp\/v2\/users\/4"}],"replies":[{"embeddable":true,"href":"https:\/\/mdgalmond.com\/index.php?rest_route=%2Fwp%2Fv2%2Fcomments&post=1094"}],"version-history":[{"count":40,"href":"https:\/\/mdgalmond.com\/index.php?rest_route=\/wp\/v2\/pages\/1094\/revisions"}],"predecessor-version":[{"id":3904,"href":"https:\/\/mdgalmond.com\/index.php?rest_route=\/wp\/v2\/pages\/1094\/revisions\/3904"}],"wp:attachment":[{"href":"https:\/\/mdgalmond.com\/index.php?rest_route=%2Fwp%2Fv2%2Fmedia&parent=1094"}],"curies":[{"name":"wp","href":"https:\/\/api.w.org\/{rel}","templated":true}]}}