{"id":1096,"date":"2015-11-16T14:24:28","date_gmt":"2015-11-16T14:24:28","guid":{"rendered":"http:\/\/mdgalmond.com\/?page_id=1096"},"modified":"2017-12-18T15:14:38","modified_gmt":"2017-12-18T15:14:38","slug":"mobiliario","status":"publish","type":"page","link":"https:\/\/mdgalmond.com?page_id=1096","title":{"rendered":"Mobiliario"},"content":{"rendered":"<div  class=\"row wpb_row row-fluid\"><div class=\"wpb_column vc_column_container col-sm-12\"><div class=\"wpb_wrapper\">\n\t<div class=\"wpb_text_column wpb_content_element \">\n\t\t<div class=\"wpb_wrapper\">\n\t\t\t<h3>SELECCI\u00d3N DE MUEBLES DISE\u00d1ADOS EN EXCLUSIVA PARA DIFERENTES PROYECTOS<\/h3>\n<p style=\"text-align: justify;\">Muebles dise\u00f1ados a medida y en exclusiva para diferentes viviendas y establecimientos.<\/p>\n<p style=\"text-align: justify;\">En las colecciones de muebles dise\u00f1adas por la firma podemos apreciar DOS ESTILOS CLARAMENTE DIFERENCIADOS, que se adaptan a las necesidades concretas de cada proyecto.<\/p>\n<p style=\"text-align: justify;\">Un ESTILO ECL\u00c9CTICO, que se hace eco del clasicismo, pero con un lenguaje moderno, limpio y purista. Estas piezas est\u00e1n principalmente realizadas en DM con acabado en laca mate en diferentes tonalidades. En algunas piezas combinamos el acabado en laca con maderas nobles, aportando calidez y car\u00e1cter al dise\u00f1o.<\/p>\n<p style=\"text-align: justify;\">Un ESTILO INDUSTRIAL, que apuesta por crear piezas sencillas y funcionales con materiales primarios, como son el hierro y las maderas de derribo. De l\u00edneas puras y simplistas, estas piezas resuelven las necesidades concretas de funcionalidad y dise\u00f1o que los establecimientos demandan. Aportamos con estos dise\u00f1os singularidad y autenticidad.<\/p>\n<p style=\"text-align: justify;\">En MDG Almond creemos que la mejor manera de crear ambientes singulares es dise\u00f1ar piezas a medida, pensadas en exclusiva para esos espacios.<\/p>\n\n\t\t<\/div>\n\t<\/div>\n<\/div><\/div><\/div>    <div  class=\"row wpb_row row-fluid\"><div class=\"wpb_column vc_column_container col-sm-6\"><div class=\"wpb_wrapper\">\n\t<div class=\"wpb_single_image wpb_content_element vc_align_left\">\n\t\t<div class=\"wpb_wrapper\">\n\t\t\t<h2 class=\"wpb_heading wpb_singleimage_heading\">PIEZAS MODULARES<\/h2>\n\t\t\t<a href=\"https:\/\/mdgalmond.com\/?portfolio=piezas-modulares-2\" target=\"_self\"><div class=\"vc_single_image-wrapper   vc_box_border_grey\"><img loading=\"lazy\" decoding=\"async\" class=\"vc_single_image-img \" src=\"https:\/\/mdgalmond.com\/wp-content\/uploads\/2015\/12\/1Piezas-Modulares.jpg\" width=\"497\" height=\"341\" alt=\"1)Piezas Modulares\" title=\"1)Piezas Modulares\" \/><\/div><\/a>\n\t\t<\/div>\n\t<\/div>\n<\/div><\/div><div class=\"wpb_column vc_column_container col-sm-6\"><div class=\"wpb_wrapper\">\n\t<div class=\"wpb_single_image wpb_content_element vc_align_left\">\n\t\t<div class=\"wpb_wrapper\">\n\t\t\t<h2 class=\"wpb_heading wpb_singleimage_heading\">PIEZAS \u00daNICAS<\/h2>\n\t\t\t<a href=\"https:\/\/mdgalmond.com\/?portfolio=piezas-unicas-3\" target=\"_self\"><div class=\"vc_single_image-wrapper   vc_box_border_grey\"><img loading=\"lazy\" decoding=\"async\" class=\"vc_single_image-img \" src=\"https:\/\/mdgalmond.com\/wp-content\/uploads\/2015\/12\/MOBILIARIO_Piezas-\u00danicas_MINIATURA.jpg\" width=\"497\" height=\"341\" alt=\"MOBILIARIO_Piezas \u00danicas_MINIATURA\" title=\"MOBILIARIO_Piezas \u00danicas_MINIATURA\" \/><\/div><\/a>\n\t\t<\/div>\n\t<\/div>\n<\/div><\/div><\/div>\n","protected":false},"excerpt":{"rendered":"SELECCI\u00d3N DE MUEBLES DISE\u00d1ADOS EN EXCLUSIVA PARA DIFERENTES PROYECTOS Muebles dise\u00f1ados a medida y en exclusiva para diferentes viviendas y establecimientos. En las colecciones de muebles dise\u00f1adas por la firma podemos apreciar DOS ESTILOS CLARAMENTE DIFERENCIADOS, que se adaptan a las necesidades concretas de cada proyecto. Un ESTILO ECL\u00c9CTICO, que se hace eco del clasicismo,...","protected":false},"author":4,"featured_media":0,"parent":0,"menu_order":0,"comment_status":"closed","ping_status":"closed","template":"page-fullcontent.php","meta":{"footnotes":""},"class_list":["post-1096","page","type-page","status-publish","hentry"],"_links":{"self":[{"href":"https:\/\/mdgalmond.com\/index.php?rest_route=\/wp\/v2\/pages\/1096","targetHints":{"allow":["GET"]}}],"collection":[{"href":"https:\/\/mdgalmond.com\/index.php?rest_route=\/wp\/v2\/pages"}],"about":[{"href":"https:\/\/mdgalmond.com\/index.php?rest_route=\/wp\/v2\/types\/page"}],"author":[{"embeddable":true,"href":"https:\/\/mdgalmond.com\/index.php?rest_route=\/wp\/v2\/users\/4"}],"replies":[{"embeddable":true,"href":"https:\/\/mdgalmond.com\/index.php?rest_route=%2Fwp%2Fv2%2Fcomments&post=1096"}],"version-history":[{"count":11,"href":"https:\/\/mdgalmond.com\/index.php?rest_route=\/wp\/v2\/pages\/1096\/revisions"}],"predecessor-version":[{"id":2740,"href":"https:\/\/mdgalmond.com\/index.php?rest_route=\/wp\/v2\/pages\/1096\/revisions\/2740"}],"wp:attachment":[{"href":"https:\/\/mdgalmond.com\/index.php?rest_route=%2Fwp%2Fv2%2Fmedia&parent=1096"}],"curies":[{"name":"wp","href":"https:\/\/api.w.org\/{rel}","templated":true}]}}