{"id":1708,"date":"2015-12-01T10:23:38","date_gmt":"2015-12-01T10:23:38","guid":{"rendered":"http:\/\/mdgalmond.com\/?page_id=1708"},"modified":"2018-10-25T12:32:12","modified_gmt":"2018-10-25T12:32:12","slug":"la-firma-2","status":"publish","type":"page","link":"https:\/\/mdgalmond.com?page_id=1708","title":{"rendered":"Firma de arquitectura &#038; dise\u00f1o"},"content":{"rendered":"<div  class=\"row wpb_row row-fluid\"><div class=\"wpb_column vc_column_container col-sm-12\"><div class=\"wpb_wrapper\">\n\t<div class=\"wpb_text_column wpb_content_element \">\n\t\t<div class=\"wpb_wrapper\">\n\t\t\t<h3>\u00abLa finalidad del Arte es dar cuerpo a la esencia secreta de las cosas, no el copiar su apariencia.\u00bb (Arist\u00f3teles)<\/h3>\n<p style=\"text-align: justify;\">Creemos que LAS COSAS PUEDEN HACERSE DE OTRA MANERA y que la clave reside en el entendimiento de las necesidades del cliente.<\/p>\n<p style=\"text-align: justify;\">Los espacios en los que discurren nuestras vidas tienen el poder de armonizar nuestro estado de \u00e1nimo, de ah\u00ed que para nosotros sea tan importante el entendimiento de LA PSICOLOG\u00cdA DEL ESPACIO.<\/p>\n<p style=\"text-align: justify;\">El ARQUITECTO es, en cierto modo, responsable del bienestar de las personas, pues crea el escenario en el que se desarrollan nuestras vidas. Es un so\u00f1ador, un visionario que camina de la mano de la creatividad, y que apoyado en la raz\u00f3n y la t\u00e9cnica conquista el espacio para dar al hombre una morada donde vivir.<\/p>\n\n\t\t<\/div>\n\t<\/div>\n<\/div><\/div><\/div>    <div  class=\"row wpb_row row-fluid\"><div class=\"wpb_column vc_column_container col-sm-3\"><div class=\"wpb_wrapper\">\n\t<div class=\"wpb_single_image wpb_content_element vc_align_left\">\n\t\t<div class=\"wpb_wrapper\">\n\t\t\t\n\t\t\t<div class=\"vc_single_image-wrapper   vc_box_border_grey\"><img loading=\"lazy\" decoding=\"async\" class=\"vc_single_image-img \" src=\"https:\/\/mdgalmond.com\/wp-content\/uploads\/2015\/12\/que-ofrece1-240x145.jpg\" width=\"240\" height=\"145\" alt=\"que ofrece1\" title=\"que ofrece1\" \/><\/div>\n\t\t<\/div>\n\t<\/div>\n<\/div><\/div><div class=\"wpb_column vc_column_container col-sm-3\"><div class=\"wpb_wrapper\">\n\t<div class=\"wpb_single_image wpb_content_element vc_align_left\">\n\t\t<div class=\"wpb_wrapper\">\n\t\t\t\n\t\t\t<div class=\"vc_single_image-wrapper   vc_box_border_grey\"><img loading=\"lazy\" decoding=\"async\" class=\"vc_single_image-img \" src=\"https:\/\/mdgalmond.com\/wp-content\/uploads\/2015\/12\/que-ofrece2-240x145.jpg\" width=\"240\" height=\"145\" alt=\"que ofrece2\" title=\"que ofrece2\" \/><\/div>\n\t\t<\/div>\n\t<\/div>\n<\/div><\/div><div class=\"wpb_column vc_column_container col-sm-3\"><div class=\"wpb_wrapper\">\n\t<div class=\"wpb_single_image wpb_content_element vc_align_left\">\n\t\t<div class=\"wpb_wrapper\">\n\t\t\t\n\t\t\t<div class=\"vc_single_image-wrapper   vc_box_border_grey\"><img loading=\"lazy\" decoding=\"async\" class=\"vc_single_image-img \" src=\"https:\/\/mdgalmond.com\/wp-content\/uploads\/2015\/12\/que-ofrece3-240x145.jpg\" width=\"240\" height=\"145\" alt=\"que ofrece3\" title=\"que ofrece3\" \/><\/div>\n\t\t<\/div>\n\t<\/div>\n<\/div><\/div><div class=\"wpb_column vc_column_container col-sm-3\"><div class=\"wpb_wrapper\">\n\t<div class=\"wpb_single_image wpb_content_element vc_align_left\">\n\t\t<div class=\"wpb_wrapper\">\n\t\t\t\n\t\t\t<div class=\"vc_single_image-wrapper   vc_box_border_grey\"><img loading=\"lazy\" decoding=\"async\" class=\"vc_single_image-img \" src=\"https:\/\/mdgalmond.com\/wp-content\/uploads\/2015\/12\/que-ofrece4-240x145.jpg\" width=\"240\" height=\"145\" alt=\"que ofrece4\" title=\"que ofrece4\" \/><\/div>\n\t\t<\/div>\n\t<\/div>\n<\/div><\/div><\/div>    <div  class=\"row wpb_row row-fluid\"><div class=\"wpb_column vc_column_container col-sm-12\"><div class=\"wpb_wrapper\">\n\t<div class=\"wpb_text_column wpb_content_element \">\n\t\t<div class=\"wpb_wrapper\">\n\t\t\t\n\t\t<\/div>\n\t<\/div>\n<\/div><\/div><\/div>    <div  class=\"row wpb_row row-fluid\"><div class=\"wpb_column vc_column_container col-sm-12\"><div class=\"wpb_wrapper\"><div class=\"vc_separator wpb_content_element vc_separator_align_center vc_sep_width_100 vc_sep_border_width_5 vc_sep_pos_align_center vc_separator_no_text vc_sep_color_grey\"><span\n\t\tclass=\"vc_sep_holder vc_sep_holder_l\"><span\t\t\tclass=\"vc_sep_line\"><\/span><\/span><span\n\t\tclass=\"vc_sep_holder vc_sep_holder_r\"><span class=\"vc_sep_line\"><\/span><\/span>\n\t<\/div>\n<\/div><\/div><\/div>    <div  class=\"row wpb_row row-fluid\"><div class=\"wpb_column vc_column_container col-sm-12\"><div class=\"wpb_wrapper\"><div class=\"vc_empty_space\"  style=\"height: 25px\" ><span\n\t\tclass=\"vc_empty_space_inner\"><\/span><\/div>\n<\/div><\/div><\/div>    <div  class=\"row wpb_row row-fluid inline-facts-holder\"><div class=\"inline-facts col-md-4 wpb_column vc_column_container col-sm-4\"><div class=\"wpb_wrapper\"><div class=\"milestone-counter \">\n    <div class=\"stats animaper\">\n        <div class=\"num\" data-content=\"158\" data-num=\"158\">0<\/div>\n    <\/div>\n<\/div>\n<h6>MUEBLES CREADOS<\/h6>\n<p><\/div><\/div><div class=\"inline-facts col-md-4 wpb_column vc_column_container col-sm-4\"><div class=\"wpb_wrapper\"><div class=\"milestone-counter \">\n    <div class=\"stats animaper\">\n        <div class=\"num\" data-content=\"57\" data-num=\"57\">0<\/div>\n    <\/div>\n<\/div>\n<h6>PROYECTOS FINALIZADOS<\/h6>\n<p><\/div><\/div><div class=\"inline-facts col-md-4 wpb_column vc_column_container col-sm-4\"><div class=\"wpb_wrapper\"><div class=\"milestone-counter \">\n    <div class=\"stats animaper\">\n        <div class=\"num\" data-content=\"98\" data-num=\"98\">0<\/div>\n    <\/div>\n<\/div>\n<h6>CLIENTES SATISFECHOS \ud83d\ude42<\/h6>\n<p><\/div><\/div><\/div>    <div  class=\"row wpb_row row-fluid\"><div class=\"wpb_column vc_column_container col-sm-12\"><div class=\"wpb_wrapper\"><div class=\"vc_separator wpb_content_element vc_separator_align_center vc_sep_width_100 vc_sep_border_width_5 vc_sep_pos_align_center vc_separator_no_text vc_sep_color_grey\"><span\n\t\tclass=\"vc_sep_holder vc_sep_holder_l\"><span\t\t\tclass=\"vc_sep_line\"><\/span><\/span><span\n\t\tclass=\"vc_sep_holder vc_sep_holder_r\"><span class=\"vc_sep_line\"><\/span><\/span>\n\t<\/div>\n<\/div><\/div><\/div>    <div  class=\"row wpb_row row-fluid\"><div class=\"wpb_column vc_column_container col-sm-12\"><div class=\"wpb_wrapper\"><div class=\"vc_empty_space\"  style=\"height: 25px\" ><span\n\t\tclass=\"vc_empty_space_inner\"><\/span><\/div>\n<\/div><\/div><\/div>    <div  class=\"row wpb_row row-fluid\"><div class=\"wpb_column vc_column_container col-sm-12\"><div class=\"wpb_wrapper\"><\/div><\/div><\/div>\n","protected":false},"excerpt":{"rendered":"\"La finalidad del Arte es dar cuerpo a la esencia secreta de las cosas, no el copiar su apariencia.\" (Arist\u00f3teles) Creemos que LAS COSAS PUEDEN HACERSE DE OTRA MANERA y que la clave reside en el entendimiento de las necesidades del cliente. Los espacios en los que discurren nuestras vidas tienen el poder de armonizar...","protected":false},"author":4,"featured_media":0,"parent":0,"menu_order":0,"comment_status":"closed","ping_status":"closed","template":"page-fullcontent.php","meta":{"footnotes":""},"class_list":["post-1708","page","type-page","status-publish","hentry"],"_links":{"self":[{"href":"https:\/\/mdgalmond.com\/index.php?rest_route=\/wp\/v2\/pages\/1708","targetHints":{"allow":["GET"]}}],"collection":[{"href":"https:\/\/mdgalmond.com\/index.php?rest_route=\/wp\/v2\/pages"}],"about":[{"href":"https:\/\/mdgalmond.com\/index.php?rest_route=\/wp\/v2\/types\/page"}],"author":[{"embeddable":true,"href":"https:\/\/mdgalmond.com\/index.php?rest_route=\/wp\/v2\/users\/4"}],"replies":[{"embeddable":true,"href":"https:\/\/mdgalmond.com\/index.php?rest_route=%2Fwp%2Fv2%2Fcomments&post=1708"}],"version-history":[{"count":71,"href":"https:\/\/mdgalmond.com\/index.php?rest_route=\/wp\/v2\/pages\/1708\/revisions"}],"predecessor-version":[{"id":3922,"href":"https:\/\/mdgalmond.com\/index.php?rest_route=\/wp\/v2\/pages\/1708\/revisions\/3922"}],"wp:attachment":[{"href":"https:\/\/mdgalmond.com\/index.php?rest_route=%2Fwp%2Fv2%2Fmedia&parent=1708"}],"curies":[{"name":"wp","href":"https:\/\/api.w.org\/{rel}","templated":true}]}}