{"id":1938,"date":"2015-12-02T11:44:21","date_gmt":"2015-12-02T11:44:21","guid":{"rendered":"http:\/\/mdgalmond.com\/?page_id=1938"},"modified":"2015-12-03T10:24:02","modified_gmt":"2015-12-03T10:24:02","slug":"aviso-legal","status":"publish","type":"page","link":"https:\/\/mdgalmond.com?page_id=1938","title":{"rendered":"Aviso Legal"},"content":{"rendered":"<h6 style=\"text-align: left;\">DERECHOS DE PROPIEDAD INTELECTUAL E INDUSTRIAL<\/h6>\n<p style=\"text-align: justify;\">Este sitio Web, es propiedad de Mar\u00eda Do\u00f1ate Gazapo de Badiola.<\/p>\n<p style=\"text-align: justify;\">Las marcas, logotipos, dibujos y dise\u00f1os industriales, planos, ilustraciones, fotograf\u00edas, obras pict\u00f3ricas y escult\u00f3ricas, animaciones, textos, as\u00ed como la informaci\u00f3n y los contenidos que se recogen en el presente sitio web est\u00e1n protegidos por la legislaci\u00f3n espa\u00f1ola sobre los derechos de propiedad intelectual e industrial a favor de Mar\u00eda Do\u00f1ate Gazapo de Badiola, y no se permite la copia, reproducci\u00f3n y\/o publicaci\u00f3n, total o parcial, del sitio web, ni su tratamiento inform\u00e1tico, su distribuci\u00f3n, su difusi\u00f3n, ni su modificaci\u00f3n, transformaci\u00f3n o descompilaci\u00f3n, ni demas derechos reconocidos legalmente a su titular, sin el permiso previo y por escrito del mismo, Mar\u00eda Do\u00f1ate Gazapo de Badiola.<\/p>\n<p style=\"text-align: justify;\">El usuario, \u00fanica y exclusivamente, puede utilizar el material que aparezca en este sitio web para su uso personal y privado, quedando prohibido su uso con fines comerciales o para incurrir en actividades il\u00edcitas. Todos los derechos derivados de la propiedad intelectual est\u00e1n expresamente reservados a Mar\u00eda Do\u00f1ate Gazapo de Badiola.<\/p>\n<p style=\"text-align: justify;\">Mar\u00eda Do\u00f1ate Gazapo de Badiola velar\u00e1 por el cumplimiento de las anteriores condiciones como por la debida utilizaci\u00f3n de los contenidos presentados en sus p\u00e1ginas web, ejercitando todas las acciones civiles y penales que le correspondan en el caso de infracci\u00f3n o incumplimiento de estos derechos por parte del usuario.<\/p>\n<p>&nbsp;<\/p>\n","protected":false},"excerpt":{"rendered":"<p>DERECHOS DE PROPIEDAD INTELECTUAL E INDUSTRIAL Este sitio Web, es propiedad de Mar\u00eda Do\u00f1ate Gazapo de Badiola. Las marcas, logotipos, dibujos y dise\u00f1os industriales, planos, ilustraciones, fotograf\u00edas, obras pict\u00f3ricas y escult\u00f3ricas, animaciones, textos, as\u00ed como la informaci\u00f3n y los contenidos que se recogen en el presente sitio web est\u00e1n protegidos por la legislaci\u00f3n espa\u00f1ola sobre&#8230;<\/p>\n","protected":false},"author":4,"featured_media":0,"parent":0,"menu_order":0,"comment_status":"closed","ping_status":"closed","template":"page-fullcontent.php","meta":{"footnotes":""},"class_list":["post-1938","page","type-page","status-publish","hentry"],"_links":{"self":[{"href":"https:\/\/mdgalmond.com\/index.php?rest_route=\/wp\/v2\/pages\/1938","targetHints":{"allow":["GET"]}}],"collection":[{"href":"https:\/\/mdgalmond.com\/index.php?rest_route=\/wp\/v2\/pages"}],"about":[{"href":"https:\/\/mdgalmond.com\/index.php?rest_route=\/wp\/v2\/types\/page"}],"author":[{"embeddable":true,"href":"https:\/\/mdgalmond.com\/index.php?rest_route=\/wp\/v2\/users\/4"}],"replies":[{"embeddable":true,"href":"https:\/\/mdgalmond.com\/index.php?rest_route=%2Fwp%2Fv2%2Fcomments&post=1938"}],"version-history":[{"count":5,"href":"https:\/\/mdgalmond.com\/index.php?rest_route=\/wp\/v2\/pages\/1938\/revisions"}],"predecessor-version":[{"id":2007,"href":"https:\/\/mdgalmond.com\/index.php?rest_route=\/wp\/v2\/pages\/1938\/revisions\/2007"}],"wp:attachment":[{"href":"https:\/\/mdgalmond.com\/index.php?rest_route=%2Fwp%2Fv2%2Fmedia&parent=1938"}],"curies":[{"name":"wp","href":"https:\/\/api.w.org\/{rel}","templated":true}]}}