{"id":2546,"date":"2017-10-25T10:02:11","date_gmt":"2017-10-25T10:02:11","guid":{"rendered":"http:\/\/mdgalmond.com\/?page_id=2546"},"modified":"2018-11-12T13:41:28","modified_gmt":"2018-11-12T13:41:28","slug":"residencial","status":"publish","type":"page","link":"https:\/\/mdgalmond.com?page_id=2546","title":{"rendered":"Residencial"},"content":{"rendered":"<div  class=\"row wpb_row row-fluid\"><div class=\"wpb_column vc_column_container col-sm-12\"><div class=\"wpb_wrapper\">\n\t<div class=\"wpb_text_column wpb_content_element \">\n\t\t<div class=\"wpb_wrapper\">\n\t\t\t<h3>SELECCI\u00d3N DE PROYECTOS REALIZADOS EN VIVIENDAS<\/h3>\n<p style=\"text-align: justify;\" align=\"justify\">Los mejores proyectos de interiorismo en viviendas que la firma MDG Almond ha ido realizando en los \u00faltimos a\u00f1os. Obras de remodelaci\u00f3n parcial, interiorismo de espacios concretos y reformas integrales donde se han realizado todas las fases del proyecto: dise\u00f1o y concepci\u00f3n del proyecto, asesoramiento en elecci\u00f3n de materiales, direcci\u00f3n y coordinaci\u00f3n de los trabajos en obra, dise\u00f1o de mobiliario y decoraci\u00f3n de los diferentes espacios.<\/p>\n\n\t\t<\/div>\n\t<\/div>\n<\/div><\/div><\/div>    <div  class=\"row wpb_row row-fluid\"><div class=\"wpb_column vc_column_container col-sm-6\"><div class=\"wpb_wrapper\">\n\t<div class=\"wpb_single_image wpb_content_element vc_align_center\">\n\t\t<div class=\"wpb_wrapper\">\n\t\t\t<h2 class=\"wpb_heading wpb_singleimage_heading\">ALMENDRA<\/h2>\n\t\t\t<a href=\"https:\/\/mdgalmond.com\/?page_id=2546\" target=\"_self\"><div class=\"vc_single_image-wrapper   vc_box_border_grey\"><img loading=\"lazy\" decoding=\"async\" class=\"vc_single_image-img \" src=\"https:\/\/mdgalmond.com\/wp-content\/uploads\/2018\/11\/Almendra.jpg\" width=\"497\" height=\"341\" alt=\"Almendra\" title=\"Almendra\" \/><\/div><\/a>\n\t\t<\/div>\n\t<\/div>\n<\/div><\/div><div class=\"wpb_column vc_column_container col-sm-6\"><div class=\"wpb_wrapper\">\n\t<div class=\"wpb_single_image wpb_content_element vc_align_center\">\n\t\t<div class=\"wpb_wrapper\">\n\t\t\t<h2 class=\"wpb_heading wpb_singleimage_heading\">LA ARBOLEDA<\/h2>\n\t\t\t<a href=\"https:\/\/mdgalmond.com\/?portfolio=proyecto-la-arboleda\" target=\"_self\"><div class=\"vc_single_image-wrapper   vc_box_border_grey\"><img loading=\"lazy\" decoding=\"async\" class=\"vc_single_image-img \" src=\"https:\/\/mdgalmond.com\/wp-content\/uploads\/2015\/11\/4Proyecto-La-Arboleda_mini.jpg\" width=\"497\" height=\"341\" alt=\"4)Proyecto La Arboleda_mini\" title=\"4)Proyecto La Arboleda_mini\" \/><\/div><\/a>\n\t\t<\/div>\n\t<\/div>\n<\/div><\/div><\/div>    <div  class=\"row wpb_row row-fluid\"><div class=\"wpb_column vc_column_container col-sm-6\"><div class=\"wpb_wrapper\">\n\t<div class=\"wpb_single_image wpb_content_element vc_align_center\">\n\t\t<div class=\"wpb_wrapper\">\n\t\t\t<h2 class=\"wpb_heading wpb_singleimage_heading\">COLUMELA<\/h2>\n\t\t\t<a href=\"https:\/\/mdgalmond.com\/?portfolio=proyecto-columela\" target=\"_self\"><div class=\"vc_single_image-wrapper   vc_box_border_grey\"><img loading=\"lazy\" decoding=\"async\" class=\"vc_single_image-img \" src=\"https:\/\/mdgalmond.com\/wp-content\/uploads\/2015\/11\/3Proyecto-Columela_mini.jpg\" width=\"497\" height=\"341\" alt=\"3)Proyecto Columela_mini\" title=\"3)Proyecto Columela_mini\" \/><\/div><\/a>\n\t\t<\/div>\n\t<\/div>\n<\/div><\/div><div class=\"wpb_column vc_column_container col-sm-6\"><div class=\"wpb_wrapper\">\n\t<div class=\"wpb_single_image wpb_content_element vc_align_center\">\n\t\t<div class=\"wpb_wrapper\">\n\t\t\t<h2 class=\"wpb_heading wpb_singleimage_heading\">LIGHTGREY<\/h2>\n\t\t\t<a href=\"https:\/\/mdgalmond.com\/?portfolio=proyecto-lightgrey\" target=\"_self\"><div class=\"vc_single_image-wrapper   vc_box_border_grey\"><img loading=\"lazy\" decoding=\"async\" class=\"vc_single_image-img \" src=\"https:\/\/mdgalmond.com\/wp-content\/uploads\/2016\/04\/LightGrey-miniPRApartamentoAG.jpg\" width=\"497\" height=\"341\" alt=\"LightGrey miniPRApartamentoAG\" title=\"LightGrey miniPRApartamentoAG\" \/><\/div><\/a>\n\t\t<\/div>\n\t<\/div>\n<\/div><\/div><\/div>    <div  class=\"row wpb_row row-fluid\"><div class=\"wpb_column vc_column_container col-sm-6\"><div class=\"wpb_wrapper\">\n\t<div class=\"wpb_single_image wpb_content_element vc_align_center\">\n\t\t<div class=\"wpb_wrapper\">\n\t\t\t<h2 class=\"wpb_heading wpb_singleimage_heading\">COCINA AJ<\/h2>\n\t\t\t<a href=\"https:\/\/mdgalmond.com\/?portfolio=proyecto-cocina-aj\" target=\"_self\"><div class=\"vc_single_image-wrapper   vc_box_border_grey\"><img loading=\"lazy\" decoding=\"async\" class=\"vc_single_image-img \" src=\"https:\/\/mdgalmond.com\/wp-content\/uploads\/2015\/11\/1Proyecto-Cocina-AJ_mini.jpg\" width=\"497\" height=\"341\" alt=\"1)Proyecto Cocina AJ_mini\" title=\"1)Proyecto Cocina AJ_mini\" \/><\/div><\/a>\n\t\t<\/div>\n\t<\/div>\n<\/div><\/div><div class=\"wpb_column vc_column_container col-sm-6\"><div class=\"wpb_wrapper\">\n\t<div class=\"wpb_single_image wpb_content_element vc_align_center\">\n\t\t<div class=\"wpb_wrapper\">\n\t\t\t<h2 class=\"wpb_heading wpb_singleimage_heading\">COCINA LA ARBOLEDA<\/h2>\n\t\t\t<a href=\"https:\/\/mdgalmond.com\/?portfolio=cocina-la-arboleda-2\" target=\"_self\"><div class=\"vc_single_image-wrapper   vc_box_border_grey\"><img loading=\"lazy\" decoding=\"async\" class=\"vc_single_image-img \" src=\"https:\/\/mdgalmond.com\/wp-content\/uploads\/2015\/11\/2Proyecto-Cocina-La-Arboleda_mini.jpg\" width=\"497\" height=\"341\" alt=\"2)Proyecto Cocina La Arboleda_mini\" title=\"2)Proyecto Cocina La Arboleda_mini\" \/><\/div><\/a>\n\t\t<\/div>\n\t<\/div>\n<\/div><\/div><\/div>\n","protected":false},"excerpt":{"rendered":"SELECCI\u00d3N DE PROYECTOS REALIZADOS EN VIVIENDAS Los mejores proyectos de interiorismo en viviendas que la firma MDG Almond ha ido realizando en los \u00faltimos a\u00f1os. Obras de remodelaci\u00f3n parcial, interiorismo de espacios concretos y reformas integrales donde se han realizado todas las fases del proyecto: dise\u00f1o y concepci\u00f3n del proyecto, asesoramiento en elecci\u00f3n de materiales,...","protected":false},"author":6,"featured_media":0,"parent":0,"menu_order":0,"comment_status":"closed","ping_status":"closed","template":"page-fullcontent.php","meta":{"footnotes":""},"class_list":["post-2546","page","type-page","status-publish","hentry"],"_links":{"self":[{"href":"https:\/\/mdgalmond.com\/index.php?rest_route=\/wp\/v2\/pages\/2546","targetHints":{"allow":["GET"]}}],"collection":[{"href":"https:\/\/mdgalmond.com\/index.php?rest_route=\/wp\/v2\/pages"}],"about":[{"href":"https:\/\/mdgalmond.com\/index.php?rest_route=\/wp\/v2\/types\/page"}],"author":[{"embeddable":true,"href":"https:\/\/mdgalmond.com\/index.php?rest_route=\/wp\/v2\/users\/6"}],"replies":[{"embeddable":true,"href":"https:\/\/mdgalmond.com\/index.php?rest_route=%2Fwp%2Fv2%2Fcomments&post=2546"}],"version-history":[{"count":15,"href":"https:\/\/mdgalmond.com\/index.php?rest_route=\/wp\/v2\/pages\/2546\/revisions"}],"predecessor-version":[{"id":3989,"href":"https:\/\/mdgalmond.com\/index.php?rest_route=\/wp\/v2\/pages\/2546\/revisions\/3989"}],"wp:attachment":[{"href":"https:\/\/mdgalmond.com\/index.php?rest_route=%2Fwp%2Fv2%2Fmedia&parent=2546"}],"curies":[{"name":"wp","href":"https:\/\/api.w.org\/{rel}","templated":true}]}}