{"id":3943,"date":"2018-11-12T10:11:00","date_gmt":"2018-11-12T10:11:00","guid":{"rendered":"http:\/\/mdgalmond.com?page_id=3943"},"modified":"2018-11-12T13:54:21","modified_gmt":"2018-11-12T13:54:21","slug":"destacados","status":"publish","type":"page","link":"https:\/\/mdgalmond.com?page_id=3943","title":{"rendered":"Destacados"},"content":{"rendered":"<div  class=\"row wpb_row row-fluid\"><div class=\"wpb_column vc_column_container col-sm-12\"><div class=\"wpb_wrapper\">\n\t<div class=\"wpb_text_column wpb_content_element \">\n\t\t<div class=\"wpb_wrapper\">\n\t\t\t<h3>ARQUITECTURA \u00b7 INTERIORISMO \u00b7 MOBILIARIO \u00b7 ARTES GR\u00c1FICAS<\/h3>\n<p style=\"text-align: justify;\" align=\"justify\">Selecci\u00f3n de los mejores trabajos que la firma MDG Almond ha ido realizando en los \u00faltimos a\u00f1os. <\/p>\n<p style=\"text-align: justify;\" align=\"justify\">Ilustraciones, muebles, proyectos ut\u00f3picos, obras de remodelaci\u00f3n parcial, interiorismo de espacios concretos y reformas integrales donde se han realizado todas las fases del proyecto. <\/p>\n<p style=\"text-align: justify;\" align=\"justify\">En los diferentes campos del apartado TRABAJOS podr\u00e9is ver m\u00e1s proyectos desarrollados.<\/p>\n\n\t\t<\/div>\n\t<\/div>\n<\/div><\/div><\/div>    <div  class=\"row wpb_row row-fluid\"><div class=\"wpb_column vc_column_container col-sm-6\"><div class=\"wpb_wrapper\">\n\t<div class=\"wpb_single_image wpb_content_element vc_align_center\">\n\t\t<div class=\"wpb_wrapper\">\n\t\t\t<h2 class=\"wpb_heading wpb_singleimage_heading\">NAVIDAD 2017 | Ilustraciones, Artes Gr\u00e1ficas<\/h2>\n\t\t\t<a href=\"https:\/\/mdgalmond.com\/?portfolio=navidad-2017\" target=\"_self\"><div class=\"vc_single_image-wrapper   vc_box_border_grey\"><img loading=\"lazy\" decoding=\"async\" class=\"vc_single_image-img \" src=\"https:\/\/mdgalmond.com\/wp-content\/uploads\/2018\/11\/NAVIDAD-2017.jpg\" width=\"497\" height=\"341\" alt=\"NAVIDAD 2017\" title=\"NAVIDAD 2017\" \/><\/div><\/a>\n\t\t<\/div>\n\t<\/div>\n<\/div><\/div><div class=\"wpb_column vc_column_container col-sm-6\"><div class=\"wpb_wrapper\">\n\t<div class=\"wpb_single_image wpb_content_element vc_align_center\">\n\t\t<div class=\"wpb_wrapper\">\n\t\t\t<h2 class=\"wpb_heading wpb_singleimage_heading\">ALMENDRA | Interiorismo, Residencial<\/h2>\n\t\t\t<a href=\"https:\/\/mdgalmond.com\/?page_id=3943\" target=\"_self\"><div class=\"vc_single_image-wrapper   vc_box_border_grey\"><img loading=\"lazy\" decoding=\"async\" class=\"vc_single_image-img \" src=\"https:\/\/mdgalmond.com\/wp-content\/uploads\/2018\/11\/Almendra.jpg\" width=\"497\" height=\"341\" alt=\"Almendra\" title=\"Almendra\" \/><\/div><\/a>\n\t\t<\/div>\n\t<\/div>\n<\/div><\/div><\/div>    <div  class=\"row wpb_row row-fluid\"><div class=\"wpb_column vc_column_container col-sm-6\"><div class=\"wpb_wrapper\">\n\t<div class=\"wpb_single_image wpb_content_element vc_align_center\">\n\t\t<div class=\"wpb_wrapper\">\n\t\t\t<h2 class=\"wpb_heading wpb_singleimage_heading\">LA ARBOLEDA | Interiorismo, Residencial<\/h2>\n\t\t\t<a href=\"https:\/\/mdgalmond.com\/?portfolio=proyecto-la-arboleda\" target=\"_self\"><div class=\"vc_single_image-wrapper   vc_box_border_grey\"><img loading=\"lazy\" decoding=\"async\" class=\"vc_single_image-img \" src=\"https:\/\/mdgalmond.com\/wp-content\/uploads\/2018\/11\/LA-ARBOLEDA.jpg\" width=\"497\" height=\"341\" alt=\"LA ARBOLEDA\" title=\"LA ARBOLEDA\" \/><\/div><\/a>\n\t\t<\/div>\n\t<\/div>\n<\/div><\/div><div class=\"wpb_column vc_column_container col-sm-6\"><div class=\"wpb_wrapper\">\n\t<div class=\"wpb_single_image wpb_content_element vc_align_center\">\n\t\t<div class=\"wpb_wrapper\">\n\t\t\t<h2 class=\"wpb_heading wpb_singleimage_heading\">RESTAURANTE BEST | Interiorismo, Comercial<\/h2>\n\t\t\t<a href=\"https:\/\/mdgalmond.com\/?portfolio=restaurante-best\" target=\"_self\"><div class=\"vc_single_image-wrapper   vc_box_border_grey\"><img loading=\"lazy\" decoding=\"async\" class=\"vc_single_image-img \" src=\"https:\/\/mdgalmond.com\/wp-content\/uploads\/2018\/11\/RESTAURANTE-BEST.jpg\" width=\"497\" height=\"341\" alt=\"RESTAURANTE BEST\" title=\"RESTAURANTE BEST\" \/><\/div><\/a>\n\t\t<\/div>\n\t<\/div>\n<\/div><\/div><\/div>    <div  class=\"row wpb_row row-fluid\"><div class=\"wpb_column vc_column_container col-sm-6\"><div class=\"wpb_wrapper\">\n\t<div class=\"wpb_single_image wpb_content_element vc_align_center\">\n\t\t<div class=\"wpb_wrapper\">\n\t\t\t<h2 class=\"wpb_heading wpb_singleimage_heading\">TERRAZA PALACE | Interiorismo, Comercial<\/h2>\n\t\t\t<a href=\"https:\/\/mdgalmond.com\/?portfolio=proyecto-terraza-palace\" target=\"_self\"><div class=\"vc_single_image-wrapper   vc_box_border_grey\"><img loading=\"lazy\" decoding=\"async\" class=\"vc_single_image-img \" src=\"https:\/\/mdgalmond.com\/wp-content\/uploads\/2017\/10\/2TerrazaPALACE.jpg\" width=\"497\" height=\"341\" alt=\"2)TerrazaPALACE\" title=\"2)TerrazaPALACE\" \/><\/div><\/a>\n\t\t<\/div>\n\t<\/div>\n<\/div><\/div><div class=\"wpb_column vc_column_container col-sm-6\"><div class=\"wpb_wrapper\">\n\t<div class=\"wpb_single_image wpb_content_element vc_align_center\">\n\t\t<div class=\"wpb_wrapper\">\n\t\t\t<h2 class=\"wpb_heading wpb_singleimage_heading\">TIENDA GRANELA | Interiorismo, Comercial<\/h2>\n\t\t\t<a href=\"https:\/\/mdgalmond.com\/?portfolio=proyecto-tienda-granela\" target=\"_self\"><div class=\"vc_single_image-wrapper   vc_box_border_grey\"><img loading=\"lazy\" decoding=\"async\" class=\"vc_single_image-img \" src=\"https:\/\/mdgalmond.com\/wp-content\/uploads\/2017\/11\/3-GRANELA.jpg\" width=\"497\" height=\"341\" alt=\"3) GRANELA\" title=\"3) GRANELA\" \/><\/div><\/a>\n\t\t<\/div>\n\t<\/div>\n<\/div><\/div><\/div>    <div  class=\"row wpb_row row-fluid\"><div class=\"wpb_column vc_column_container col-sm-6\"><div class=\"wpb_wrapper\">\n\t<div class=\"wpb_single_image wpb_content_element vc_align_center\">\n\t\t<div class=\"wpb_wrapper\">\n\t\t\t<h2 class=\"wpb_heading wpb_singleimage_heading\">PIEZAS \u00daNICAS | Mobiliario<\/h2>\n\t\t\t<a href=\"https:\/\/mdgalmond.com\/?portfolio=piezas-unicas-3\" target=\"_self\"><div class=\"vc_single_image-wrapper   vc_box_border_grey\"><img loading=\"lazy\" decoding=\"async\" class=\"vc_single_image-img \" src=\"https:\/\/mdgalmond.com\/wp-content\/uploads\/2015\/12\/MOBILIARIO_Piezas-\u00danicas_MINIATURA.jpg\" width=\"497\" height=\"341\" alt=\"MOBILIARIO_Piezas \u00danicas_MINIATURA\" title=\"MOBILIARIO_Piezas \u00danicas_MINIATURA\" \/><\/div><\/a>\n\t\t<\/div>\n\t<\/div>\n<\/div><\/div><div class=\"wpb_column vc_column_container col-sm-6\"><div class=\"wpb_wrapper\">\n\t<div class=\"wpb_single_image wpb_content_element vc_align_center\">\n\t\t<div class=\"wpb_wrapper\">\n\t\t\t<h2 class=\"wpb_heading wpb_singleimage_heading\">ESCULTURAS DEL VAC\u00cdO | Arquitectura<\/h2>\n\t\t\t<a href=\"https:\/\/mdgalmond.com\/?portfolio=esculturas-del-vacio\" target=\"_self\"><div class=\"vc_single_image-wrapper   vc_box_border_grey\"><img loading=\"lazy\" decoding=\"async\" class=\"vc_single_image-img \" src=\"https:\/\/mdgalmond.com\/wp-content\/uploads\/2018\/11\/ESCULTURAS-DEL-VAC\u00cdO.jpg\" width=\"497\" height=\"341\" alt=\"ESCULTURAS DEL VAC\u00cdO\" title=\"ESCULTURAS DEL VAC\u00cdO\" \/><\/div><\/a>\n\t\t<\/div>\n\t<\/div>\n<\/div><\/div><\/div>\n","protected":false},"excerpt":{"rendered":"ARQUITECTURA \u00b7 INTERIORISMO \u00b7 MOBILIARIO \u00b7 ARTES GR\u00c1FICAS Selecci\u00f3n de los mejores trabajos que la firma MDG Almond ha ido realizando en los \u00faltimos a\u00f1os. Ilustraciones, muebles, proyectos ut\u00f3picos, obras de remodelaci\u00f3n parcial, interiorismo de espacios concretos y reformas integrales donde se han realizado todas las fases del proyecto. En los diferentes campos del apartado...","protected":false},"author":6,"featured_media":0,"parent":0,"menu_order":0,"comment_status":"closed","ping_status":"closed","template":"page-fullcontent.php","meta":{"footnotes":""},"class_list":["post-3943","page","type-page","status-publish","hentry"],"_links":{"self":[{"href":"https:\/\/mdgalmond.com\/index.php?rest_route=\/wp\/v2\/pages\/3943","targetHints":{"allow":["GET"]}}],"collection":[{"href":"https:\/\/mdgalmond.com\/index.php?rest_route=\/wp\/v2\/pages"}],"about":[{"href":"https:\/\/mdgalmond.com\/index.php?rest_route=\/wp\/v2\/types\/page"}],"author":[{"embeddable":true,"href":"https:\/\/mdgalmond.com\/index.php?rest_route=\/wp\/v2\/users\/6"}],"replies":[{"embeddable":true,"href":"https:\/\/mdgalmond.com\/index.php?rest_route=%2Fwp%2Fv2%2Fcomments&post=3943"}],"version-history":[{"count":11,"href":"https:\/\/mdgalmond.com\/index.php?rest_route=\/wp\/v2\/pages\/3943\/revisions"}],"predecessor-version":[{"id":3994,"href":"https:\/\/mdgalmond.com\/index.php?rest_route=\/wp\/v2\/pages\/3943\/revisions\/3994"}],"wp:attachment":[{"href":"https:\/\/mdgalmond.com\/index.php?rest_route=%2Fwp%2Fv2%2Fmedia&parent=3943"}],"curies":[{"name":"wp","href":"https:\/\/api.w.org\/{rel}","templated":true}]}}